{"id":3811,"date":"2021-08-13T12:47:48","date_gmt":"2021-08-13T10:47:48","guid":{"rendered":"https:\/\/www.expatclinic.sk\/our-services\/"},"modified":"2023-05-23T14:08:06","modified_gmt":"2023-05-23T12:08:06","slug":"our-services","status":"publish","type":"page","link":"https:\/\/www.expatclinic.sk\/en\/our-services\/","title":{"rendered":"Our Services"},"content":{"rendered":"\t\t<div data-elementor-type=\"wp-page\" data-elementor-id=\"3811\" class=\"elementor elementor-3811 elementor-2810\" data-elementor-post-type=\"page\">\n\t\t\t\t\t\t<section class=\"elementor-section elementor-top-section elementor-element elementor-element-1918a917 elementor-section-boxed elementor-section-height-default elementor-section-height-default\" data-id=\"1918a917\" data-element_type=\"section\" data-e-type=\"section\" data-settings=\"{&quot;jet_parallax_layout_list&quot;:[{&quot;jet_parallax_layout_image&quot;:{&quot;url&quot;:&quot;&quot;,&quot;id&quot;:&quot;&quot;,&quot;size&quot;:&quot;&quot;},&quot;_id&quot;:&quot;605ed80&quot;,&quot;jet_parallax_layout_image_tablet&quot;:{&quot;url&quot;:&quot;&quot;,&quot;id&quot;:&quot;&quot;,&quot;size&quot;:&quot;&quot;},&quot;jet_parallax_layout_image_mobile&quot;:{&quot;url&quot;:&quot;&quot;,&quot;id&quot;:&quot;&quot;,&quot;size&quot;:&quot;&quot;},&quot;jet_parallax_layout_speed&quot;:{&quot;unit&quot;:&quot;%&quot;,&quot;size&quot;:50,&quot;sizes&quot;:[]},&quot;jet_parallax_layout_type&quot;:&quot;scroll&quot;,&quot;jet_parallax_layout_direction&quot;:&quot;1&quot;,&quot;jet_parallax_layout_fx_direction&quot;:null,&quot;jet_parallax_layout_z_index&quot;:&quot;&quot;,&quot;jet_parallax_layout_bg_x&quot;:50,&quot;jet_parallax_layout_bg_x_tablet&quot;:&quot;&quot;,&quot;jet_parallax_layout_bg_x_mobile&quot;:&quot;&quot;,&quot;jet_parallax_layout_bg_y&quot;:50,&quot;jet_parallax_layout_bg_y_tablet&quot;:&quot;&quot;,&quot;jet_parallax_layout_bg_y_mobile&quot;:&quot;&quot;,&quot;jet_parallax_layout_bg_size&quot;:&quot;auto&quot;,&quot;jet_parallax_layout_bg_size_tablet&quot;:&quot;&quot;,&quot;jet_parallax_layout_bg_size_mobile&quot;:&quot;&quot;,&quot;jet_parallax_layout_animation_prop&quot;:&quot;transform&quot;,&quot;jet_parallax_layout_on&quot;:[&quot;desktop&quot;,&quot;tablet&quot;]}]}\">\n\t\t\t\t\t\t<div class=\"elementor-container elementor-column-gap-default\">\n\t\t\t\t\t<div class=\"elementor-column elementor-col-33 elementor-top-column elementor-element elementor-element-581a8a67\" data-id=\"581a8a67\" data-element_type=\"column\" data-e-type=\"column\" data-settings=\"{&quot;background_background&quot;:&quot;classic&quot;}\">\n\t\t\t<div class=\"elementor-widget-wrap elementor-element-populated\">\n\t\t\t\t\t\t<div class=\"elementor-element elementor-element-20e0ee68 elementor-view-default elementor-widget elementor-widget-icon\" data-id=\"20e0ee68\" data-element_type=\"widget\" data-e-type=\"widget\" data-widget_type=\"icon.default\">\n\t\t\t\t<div class=\"elementor-widget-container\">\n\t\t\t\t\t\t\t<div class=\"elementor-icon-wrapper\">\n\t\t\t<a class=\"elementor-icon\" href=\"https:\/\/www.expatclinic.sk\/en\/medical-check-up-for-foreigners\/\">\n\t\t\t<svg xmlns=\"http:\/\/www.w3.org\/2000\/svg\" viewBox=\"0 0 274 437\" width=\"274\" height=\"437\"><title>&lt;Group&gt;<\/title><style> tspan { white-space:pre } .shp0 { fill: #42c5d7 } <\/style><g id=\"&lt;Group&gt;\"><path id=\"&lt;Compound Path&gt;\" fill-rule=\"evenodd\" class=\"shp0\" d=\"M273.18 108.26L273.18 398.68C273.18 425.34 259.89 436.22 227.3 436.22L0.87 436.22L0.87 72.08L1 72.08L0.94 71.9L209.93 0.59L209.93 71.58C222.88 71.55 232.75 71.54 237.74 71.54C248.41 71.54 256.99 74.82 263.25 81.3C273.62 92.05 273.2 107.6 273.18 108.26ZM196.44 19.44L42.49 71.97C83.49 71.87 151.55 71.7 196.44 71.6L196.44 19.44ZM253.48 90.61C249.87 86.9 244.57 85.02 237.74 85.02C211.43 85.02 49.53 85.44 14.35 85.53L14.35 422.73L227.3 422.73C257.44 422.73 259.7 413.21 259.7 398.68L259.7 108.02C259.7 107.72 259.89 97.17 253.48 90.61Z\"><\/path><path id=\"&lt;Path&gt;\" class=\"shp0\" d=\"M78.84 358.99L195.21 358.99L195.21 345.5L78.84 345.5L78.84 358.99Z\"><\/path><path id=\"&lt;Compound Path&gt;\" fill-rule=\"evenodd\" class=\"shp0\" d=\"M224.66 210.83C224.66 259.14 185.35 298.45 137.03 298.45C88.71 298.45 49.4 259.14 49.4 210.83C49.4 162.51 88.71 123.2 137.03 123.2C185.35 123.2 224.66 162.51 224.66 210.83ZM156.54 260.1L117.52 260.1C122.83 275.04 130.14 284.19 137.03 284.19C143.92 284.19 151.23 275.04 156.54 260.1ZM160.4 246.61C162.46 237.41 163.77 226.87 164.07 215.48L109.99 215.48C110.28 226.87 111.6 237.41 113.65 246.61L160.4 246.61ZM72.12 246.61L99.78 246.61C97.87 237.11 96.71 226.64 96.46 215.48L63.05 215.48C63.75 226.71 66.95 237.28 72.12 246.61ZM117.55 161.29L156.5 161.29C151.2 146.4 143.91 137.29 137.03 137.29C130.15 137.29 122.86 146.4 117.55 161.29ZM113.68 174.78C111.85 182.92 110.59 192.1 110.12 202L163.94 202C163.47 192.1 162.21 182.92 160.38 174.78L113.68 174.78ZM99.79 174.78L72.27 174.78C67.67 183.02 64.6 192.22 63.43 202L96.59 202C97 192.29 98.11 183.16 99.79 174.78ZM174.28 246.61L201.93 246.61C207.1 237.28 210.31 226.71 211.01 215.48L177.6 215.48C177.35 226.64 176.19 237.11 174.28 246.61ZM210.63 202C209.46 192.22 206.39 183.02 201.78 174.78L174.26 174.78C175.95 183.16 177.05 192.29 177.47 202L210.63 202ZM161.86 140.97C165.37 146.61 168.41 153.45 170.85 161.29L192.14 161.29C183.97 152.21 173.59 145.16 161.86 140.97ZM81.92 161.29L103.2 161.29C105.65 153.45 108.69 146.6 112.2 140.97C100.47 145.16 90.09 152.21 81.92 161.29ZM112.33 280.72C108.75 275.03 105.65 268.07 103.17 260.1L81.69 260.1C89.93 269.34 100.43 276.51 112.33 280.72ZM192.37 260.1L170.88 260.1C168.4 268.07 165.31 275.03 161.73 280.72C173.62 276.5 184.13 269.34 192.37 260.1Z\"><\/path><\/g><\/svg>\t\t\t<\/a>\n\t\t<\/div>\n\t\t\t\t\t\t<\/div>\n\t\t\t\t<\/div>\n\t\t\t\t<div class=\"elementor-element elementor-element-1f23233f elementor-widget elementor-widget-heading\" data-id=\"1f23233f\" data-element_type=\"widget\" data-e-type=\"widget\" data-widget_type=\"heading.default\">\n\t\t\t\t<div class=\"elementor-widget-container\">\n\t\t\t\t\t<h2 class=\"elementor-heading-title elementor-size-default\"><a href=\"https:\/\/www.expatclinic.sk\/en\/medical-check-up-for-foreigners\/\">Medical examination for foreigners<\/a><\/h2>\t\t\t\t<\/div>\n\t\t\t\t<\/div>\n\t\t\t\t<div class=\"elementor-element elementor-element-11ad5d05 elementor-widget elementor-widget-heading\" data-id=\"11ad5d05\" data-element_type=\"widget\" data-e-type=\"widget\" data-widget_type=\"heading.default\">\n\t\t\t\t<div class=\"elementor-widget-container\">\n\t\t\t\t\t<p class=\"elementor-heading-title elementor-size-default\"><a href=\"https:\/\/www.expatclinic.sk\/en\/medical-check-up-for-foreigners\/\">Medical examination for the Foreign Police<\/a><\/p>\t\t\t\t<\/div>\n\t\t\t\t<\/div>\n\t\t\t\t\t<\/div>\n\t\t<\/div>\n\t\t\t\t<div data-wts-url=\"https:\/\/www.expatclinic.sk\/poistenie-cudzincov\" data-wts-link=\"yes\" data-wts-new-window=\"\" class=\"elementor-column elementor-col-33 elementor-top-column elementor-element elementor-element-cc35f39 ae-link-yes\" data-id=\"cc35f39\" data-element_type=\"column\" data-e-type=\"column\" data-settings=\"{&quot;background_background&quot;:&quot;classic&quot;}\">\n\t\t\t<div class=\"elementor-widget-wrap elementor-element-populated\">\n\t\t\t\t\t\t<div class=\"elementor-element elementor-element-63cd608 elementor-view-default elementor-widget elementor-widget-icon\" data-id=\"63cd608\" data-element_type=\"widget\" data-e-type=\"widget\" data-widget_type=\"icon.default\">\n\t\t\t\t<div class=\"elementor-widget-container\">\n\t\t\t\t\t\t\t<div class=\"elementor-icon-wrapper\">\n\t\t\t<a class=\"elementor-icon\" href=\"https:\/\/www.expatclinic.sk\/en\/insurance-for-foreigners\/\">\n\t\t\t<svg xmlns=\"http:\/\/www.w3.org\/2000\/svg\" viewBox=\"0 0 422 402\" width=\"422\" height=\"402\"><title>&lt;Group&gt;<\/title><style> tspan { white-space:pre } .shp0 { fill: #42c5d7 } <\/style><g id=\"&lt;Group&gt;\"><g id=\"&lt;Group&gt;\"><path id=\"&lt;Compound Path&gt;\" fill-rule=\"evenodd\" class=\"shp0\" d=\"M171.37 227.17C157.9 227.17 146.95 216.21 146.95 202.75C146.95 189.29 157.9 178.34 171.37 178.34C184.83 178.34 195.78 189.29 195.78 202.75C195.78 216.21 184.83 227.17 171.37 227.17ZM171.37 191.82C165.34 191.82 160.44 196.73 160.44 202.75C160.44 208.78 165.34 213.68 171.37 213.68C177.39 213.68 182.29 208.78 182.29 202.75C182.29 196.73 177.39 191.82 171.37 191.82Z\"><\/path><path id=\"&lt;Compound Path&gt;\" fill-rule=\"evenodd\" class=\"shp0\" d=\"M258.17 227.17C244.71 227.17 233.75 216.21 233.75 202.75C233.75 189.29 244.71 178.34 258.17 178.34C271.63 178.34 282.58 189.29 282.58 202.75C282.58 216.21 271.63 227.17 258.17 227.17ZM258.17 191.82C252.14 191.82 247.24 196.73 247.24 202.75C247.24 208.78 252.14 213.68 258.17 213.68C264.19 213.68 269.09 208.78 269.09 202.75C269.09 196.73 264.19 191.82 258.17 191.82Z\"><\/path><path id=\"&lt;Compound Path&gt;\" fill-rule=\"evenodd\" class=\"shp0\" d=\"M214.77 270.57C201.3 270.57 190.35 259.62 190.35 246.15C190.35 232.69 201.3 221.74 214.77 221.74C228.23 221.74 239.18 232.69 239.18 246.15C239.18 259.62 228.23 270.57 214.77 270.57ZM214.77 235.22C208.74 235.22 203.83 240.12 203.83 246.15C203.83 252.18 208.74 257.08 214.77 257.08C220.79 257.08 225.7 252.18 225.7 246.15C225.7 240.12 220.79 235.22 214.77 235.22Z\"><\/path><path id=\"&lt;Compound Path&gt;\" fill-rule=\"evenodd\" class=\"shp0\" d=\"M214.77 183.77C201.3 183.77 190.35 172.81 190.35 159.35C190.35 145.89 201.3 134.94 214.77 134.94C228.23 134.94 239.18 145.89 239.18 159.35C239.18 172.81 228.23 183.77 214.77 183.77ZM214.77 148.42C208.74 148.42 203.83 153.32 203.83 159.35C203.83 165.38 208.74 170.28 214.77 170.28C220.79 170.28 225.7 165.38 225.7 159.35C225.7 153.32 220.79 148.42 214.77 148.42Z\"><\/path><\/g><path id=\"&lt;Compound Path&gt;\" fill-rule=\"evenodd\" class=\"shp0\" d=\"M215.72 401.73C193.38 401.73 175.21 383.56 175.21 361.23C175.21 347.79 181.86 335.34 192.81 327.83L192.81 317.04C176.83 313.81 161.67 307.19 148.4 297.65L132 314.05C132.46 316.31 132.7 318.62 132.7 320.94C132.7 340.01 117.18 355.53 98.11 355.53C79.03 355.53 63.51 340.01 63.51 320.94C63.51 301.86 79.03 286.35 98.11 286.35C101.14 286.35 104.12 286.73 107 287.5L122.51 271.99C111.86 257.46 104.81 240.71 101.86 222.97L90.88 222.97C83.52 240.04 66.79 251.2 47.82 251.2C21.95 251.2 0.9 230.15 0.9 204.28C0.9 178.4 21.95 157.35 47.82 157.35C66.79 157.35 83.52 168.51 90.88 185.59L101.72 185.59C104.48 168.28 111.15 151.85 121.25 137.5L106.39 122.64C102.08 124.06 97.59 124.77 92.99 124.77C69.23 124.77 49.91 105.45 49.91 81.7C49.91 57.94 69.23 38.62 92.99 38.62C116.74 38.62 136.06 57.94 136.06 81.7C136.06 85.62 135.54 89.48 134.49 93.22L150.13 108.86C164.76 98.74 181.48 92.17 199.06 89.63L199.06 77.84C184.61 71.37 175.21 57.1 175.21 40.9C175.21 18.57 193.38 0.4 215.72 0.4C238.05 0.4 256.23 18.57 256.23 40.9C256.23 57.1 246.83 71.37 232.38 77.84L232.38 89.62C250.63 92.26 267.89 99.22 282.9 109.98L287.75 105.13C285.3 99.19 284.02 92.78 284.02 86.31C284.02 59.2 306.08 37.14 333.2 37.14C360.31 37.14 382.38 59.2 382.38 86.31C382.38 113.43 360.31 135.49 333.2 135.49C325.6 135.49 318.16 133.74 311.41 130.4L307.7 134.11C318.45 148.25 325.76 164.62 329.1 182.03L353.07 182.03C360.17 172.21 371.64 166.26 383.88 166.26C404.84 166.26 421.89 183.32 421.89 204.28C421.89 225.24 404.84 242.29 383.88 242.29C371.64 242.29 360.17 236.34 353.07 226.53L328.94 226.53C325.89 241.76 319.75 256.31 310.94 269.15L326.72 284.92C328.07 284.75 329.43 284.66 330.79 284.66C348.83 284.66 363.51 299.34 363.51 317.39C363.51 335.43 348.83 350.11 330.79 350.11C312.75 350.11 298.07 335.43 298.07 317.39C298.07 314.83 298.36 312.32 298.94 309.86L285.17 296.09C271.4 306.48 255.5 313.64 238.64 317.04L238.64 327.83C249.58 335.34 256.23 347.8 256.23 361.23C256.23 383.56 238.05 401.73 215.72 401.73ZM147.29 279.69L152 283.47C166.04 294.72 182.82 302.06 200.54 304.71L206.29 305.57L206.29 335.59L202.78 337.5C194.1 342.26 188.7 351.35 188.7 361.23C188.7 376.13 200.82 388.25 215.72 388.25C230.62 388.25 242.74 376.13 242.74 361.23C242.74 351.35 237.34 342.26 228.66 337.5L225.15 335.59L225.15 305.57L230.9 304.71C249.47 301.93 266.91 294.05 281.34 281.9L286.07 277.92L314.46 306.31L312.86 310.41C311.99 312.64 311.55 314.98 311.55 317.39C311.55 327.99 320.18 336.62 330.79 336.62C341.4 336.62 350.03 327.99 350.03 317.39C350.03 306.78 341.4 298.15 330.79 298.15C329.21 298.15 327.62 298.34 326.09 298.73L322.38 299.65L293.17 270.44L296.75 265.75C307.24 252.05 314.1 235.82 316.59 218.81L317.44 213.04L360.64 213.04L362.58 216.44C366.95 224.07 375.11 228.81 383.88 228.81C397.4 228.81 408.41 217.8 408.41 204.28C408.41 190.75 397.4 179.75 383.88 179.75C375.11 179.75 366.95 184.49 362.58 192.12L360.64 195.51L317.51 195.51L316.7 189.7C314.05 170.61 306.03 152.73 293.52 137.97L289.5 133.24L309.34 113.4L313.91 116.34C319.67 120.05 326.34 122.01 333.2 122.01C352.88 122.01 368.89 105.99 368.89 86.31C368.89 66.63 352.88 50.62 333.2 50.62C313.52 50.62 297.51 66.63 297.51 86.31C297.51 92.26 299 98.14 301.81 103.32L304.21 107.74L284.02 127.93L279.31 124.17C263.68 111.68 244.91 104.13 225.03 102.33L218.89 101.78L218.89 68.2L223.66 66.74C235.07 63.24 242.74 52.85 242.74 40.9C242.74 26 230.62 13.88 215.72 13.88C200.82 13.88 188.7 26 188.7 40.9C188.7 52.85 196.37 63.24 207.79 66.74L212.55 68.2L212.55 101.78L206.41 102.33C187.17 104.08 168.89 111.24 153.56 123.05L148.86 126.67L118.88 96.68L120.51 92.57C121.88 89.09 122.58 85.43 122.58 81.7C122.58 65.38 109.3 52.11 92.99 52.11C76.67 52.11 63.39 65.38 63.39 81.7C63.39 98.01 76.67 111.29 92.99 111.29C97.25 111.29 101.38 110.39 105.25 108.63L109.51 106.68L139.13 136.3L135.44 141.01C123.63 156.06 116.33 174.05 114.33 193.04L113.7 199.07L81.23 199.07L79.76 194.33C75.39 180.28 62.56 170.84 47.82 170.84C29.38 170.84 14.38 185.84 14.38 204.28C14.38 222.72 29.38 237.71 47.82 237.71C62.56 237.71 75.39 228.27 79.76 214.22L81.23 209.48L113.74 209.48L114.42 215.47C116.61 234.87 124.32 253.14 136.69 268.3L140.55 273.02L110.39 303.19L106.22 301.45C103.65 300.37 100.92 299.83 98.11 299.83C86.47 299.83 77 309.3 77 320.94C77 332.58 86.47 342.04 98.11 342.04C109.74 342.04 119.21 332.58 119.21 320.94C119.21 318.64 118.84 316.36 118.1 314.18L116.76 310.22L147.29 279.69Z\"><\/path><\/g><\/svg>\t\t\t<\/a>\n\t\t<\/div>\n\t\t\t\t\t\t<\/div>\n\t\t\t\t<\/div>\n\t\t\t\t<div class=\"elementor-element elementor-element-2df2fd0 elementor-widget elementor-widget-heading\" data-id=\"2df2fd0\" data-element_type=\"widget\" data-e-type=\"widget\" data-widget_type=\"heading.default\">\n\t\t\t\t<div class=\"elementor-widget-container\">\n\t\t\t\t\t<h2 class=\"elementor-heading-title elementor-size-default\"><a href=\"https:\/\/www.expatclinic.sk\/en\/insurance-for-foreigners\/\">Insurance for foreigners<\/a><\/h2>\t\t\t\t<\/div>\n\t\t\t\t<\/div>\n\t\t\t\t<div class=\"elementor-element elementor-element-5c3a242 elementor-widget__width-initial elementor-widget elementor-widget-heading\" data-id=\"5c3a242\" data-element_type=\"widget\" data-e-type=\"widget\" data-widget_type=\"heading.default\">\n\t\t\t\t<div class=\"elementor-widget-container\">\n\t\t\t\t\t<p class=\"elementor-heading-title elementor-size-default\"><a href=\"https:\/\/www.expatclinic.sk\/en\/insurance-for-foreigners\/\">Health insurance certificate for the purpose of residence<\/a><\/p>\t\t\t\t<\/div>\n\t\t\t\t<\/div>\n\t\t\t\t\t<\/div>\n\t\t<\/div>\n\t\t\t\t<div class=\"elementor-column elementor-col-33 elementor-top-column elementor-element elementor-element-30605deb elementor-hidden-tablet elementor-hidden-phone\" data-id=\"30605deb\" data-element_type=\"column\" data-e-type=\"column\">\n\t\t\t<div class=\"elementor-widget-wrap\">\n\t\t\t\t\t\t\t<\/div>\n\t\t<\/div>\n\t\t\t\t\t<\/div>\n\t\t<\/section>\n\t\t\t\t<\/div>\n\t\t","protected":false},"excerpt":{"rendered":"<p>&lt;Group&gt; Medical examination for foreigners Medical examination for the Foreign Police &lt;Group&gt; Insurance for foreigners Health insurance certificate for the purpose of residence<\/p>\n","protected":false},"author":1,"featured_media":0,"parent":0,"menu_order":0,"comment_status":"closed","ping_status":"closed","template":"elementor_header_footer","meta":{"_acf_changed":false,"_cloudinary_featured_overwrite":false,"footnotes":""},"class_list":["post-3811","page","type-page","status-publish","hentry"],"acf":[],"yoast_head":"<!-- This site is optimized with the Yoast SEO plugin v27.3 - https:\/\/yoast.com\/product\/yoast-seo-wordpress\/ -->\n<title>Our Services - Expat Clinic<\/title>\n<meta name=\"robots\" content=\"index, follow, max-snippet:-1, max-image-preview:large, max-video-preview:-1\" \/>\n<link rel=\"canonical\" href=\"https:\/\/www.expatclinic.sk\/en\/our-services\/\" \/>\n<meta property=\"og:locale\" content=\"en_US\" \/>\n<meta property=\"og:type\" content=\"article\" \/>\n<meta property=\"og:title\" content=\"Our Services - Expat Clinic\" \/>\n<meta property=\"og:description\" content=\"&lt;Group&gt; Medical examination for foreigners Medical examination for the Foreign Police &lt;Group&gt; Insurance for foreigners Health insurance certificate for the purpose of residence\" \/>\n<meta property=\"og:url\" content=\"https:\/\/www.expatclinic.sk\/en\/our-services\/\" \/>\n<meta property=\"og:site_name\" content=\"Expat Clinic\" \/>\n<meta property=\"article:modified_time\" content=\"2023-05-23T12:08:06+00:00\" \/>\n<meta name=\"twitter:card\" content=\"summary_large_image\" \/>\n<meta name=\"twitter:label1\" content=\"Est. reading time\" \/>\n\t<meta name=\"twitter:data1\" content=\"8 minutes\" \/>\n<script type=\"application\/ld+json\" class=\"yoast-schema-graph\">{\"@context\":\"https:\\\/\\\/schema.org\",\"@graph\":[{\"@type\":\"WebPage\",\"@id\":\"https:\\\/\\\/www.expatclinic.sk\\\/en\\\/our-services\\\/\",\"url\":\"https:\\\/\\\/www.expatclinic.sk\\\/en\\\/our-services\\\/\",\"name\":\"Our Services - Expat Clinic\",\"isPartOf\":{\"@id\":\"https:\\\/\\\/www.expatclinic.sk\\\/ru\\\/#website\"},\"datePublished\":\"2021-08-13T10:47:48+00:00\",\"dateModified\":\"2023-05-23T12:08:06+00:00\",\"breadcrumb\":{\"@id\":\"https:\\\/\\\/www.expatclinic.sk\\\/en\\\/our-services\\\/#breadcrumb\"},\"inLanguage\":\"en-US\",\"potentialAction\":[{\"@type\":\"ReadAction\",\"target\":[\"https:\\\/\\\/www.expatclinic.sk\\\/en\\\/our-services\\\/\"]}]},{\"@type\":\"BreadcrumbList\",\"@id\":\"https:\\\/\\\/www.expatclinic.sk\\\/en\\\/our-services\\\/#breadcrumb\",\"itemListElement\":[{\"@type\":\"ListItem\",\"position\":1,\"name\":\"Domovsk\u00e1 str\u00e1nka\",\"item\":\"https:\\\/\\\/www.expatclinic.sk\\\/\"},{\"@type\":\"ListItem\",\"position\":2,\"name\":\"Our Services\"}]},{\"@type\":\"WebSite\",\"@id\":\"https:\\\/\\\/www.expatclinic.sk\\\/ru\\\/#website\",\"url\":\"https:\\\/\\\/www.expatclinic.sk\\\/ru\\\/\",\"name\":\"Expat Clinic\",\"description\":\"Ambulancia infek\u010dn\u00fdch a cudzokrajn\u00fdch chor\u00f4b v Nitre. Vy\u0161etr\u00edme V\u00e1s aj bez objadnania.\",\"publisher\":{\"@id\":\"https:\\\/\\\/www.expatclinic.sk\\\/ru\\\/#organization\"},\"potentialAction\":[{\"@type\":\"SearchAction\",\"target\":{\"@type\":\"EntryPoint\",\"urlTemplate\":\"https:\\\/\\\/www.expatclinic.sk\\\/ru\\\/?s={search_term_string}\"},\"query-input\":{\"@type\":\"PropertyValueSpecification\",\"valueRequired\":true,\"valueName\":\"search_term_string\"}}],\"inLanguage\":\"en-US\"},{\"@type\":\"Organization\",\"@id\":\"https:\\\/\\\/www.expatclinic.sk\\\/ru\\\/#organization\",\"name\":\"Expat Clinic\",\"url\":\"https:\\\/\\\/www.expatclinic.sk\\\/ru\\\/\",\"logo\":{\"@type\":\"ImageObject\",\"inLanguage\":\"en-US\",\"@id\":\"https:\\\/\\\/www.expatclinic.sk\\\/ru\\\/#\\\/schema\\\/logo\\\/image\\\/\",\"url\":\"https:\\\/\\\/www.expatclinic.sk\\\/wp-content\\\/uploads\\\/2021\\\/06\\\/logo-expactclinic.svg\",\"contentUrl\":\"https:\\\/\\\/www.expatclinic.sk\\\/wp-content\\\/uploads\\\/2021\\\/06\\\/logo-expactclinic.svg\",\"width\":182,\"height\":30,\"caption\":\"Expat Clinic\"},\"image\":{\"@id\":\"https:\\\/\\\/www.expatclinic.sk\\\/ru\\\/#\\\/schema\\\/logo\\\/image\\\/\"}}]}<\/script>\n<!-- \/ Yoast SEO plugin. -->","yoast_head_json":{"title":"Our Services - Expat Clinic","robots":{"index":"index","follow":"follow","max-snippet":"max-snippet:-1","max-image-preview":"max-image-preview:large","max-video-preview":"max-video-preview:-1"},"canonical":"https:\/\/www.expatclinic.sk\/en\/our-services\/","og_locale":"en_US","og_type":"article","og_title":"Our Services - Expat Clinic","og_description":"&lt;Group&gt; Medical examination for foreigners Medical examination for the Foreign Police &lt;Group&gt; Insurance for foreigners Health insurance certificate for the purpose of residence","og_url":"https:\/\/www.expatclinic.sk\/en\/our-services\/","og_site_name":"Expat Clinic","article_modified_time":"2023-05-23T12:08:06+00:00","twitter_card":"summary_large_image","twitter_misc":{"Est. reading time":"8 minutes"},"schema":{"@context":"https:\/\/schema.org","@graph":[{"@type":"WebPage","@id":"https:\/\/www.expatclinic.sk\/en\/our-services\/","url":"https:\/\/www.expatclinic.sk\/en\/our-services\/","name":"Our Services - Expat Clinic","isPartOf":{"@id":"https:\/\/www.expatclinic.sk\/ru\/#website"},"datePublished":"2021-08-13T10:47:48+00:00","dateModified":"2023-05-23T12:08:06+00:00","breadcrumb":{"@id":"https:\/\/www.expatclinic.sk\/en\/our-services\/#breadcrumb"},"inLanguage":"en-US","potentialAction":[{"@type":"ReadAction","target":["https:\/\/www.expatclinic.sk\/en\/our-services\/"]}]},{"@type":"BreadcrumbList","@id":"https:\/\/www.expatclinic.sk\/en\/our-services\/#breadcrumb","itemListElement":[{"@type":"ListItem","position":1,"name":"Domovsk\u00e1 str\u00e1nka","item":"https:\/\/www.expatclinic.sk\/"},{"@type":"ListItem","position":2,"name":"Our Services"}]},{"@type":"WebSite","@id":"https:\/\/www.expatclinic.sk\/ru\/#website","url":"https:\/\/www.expatclinic.sk\/ru\/","name":"Expat Clinic","description":"Ambulancia infek\u010dn\u00fdch a cudzokrajn\u00fdch chor\u00f4b v Nitre. Vy\u0161etr\u00edme V\u00e1s aj bez objadnania.","publisher":{"@id":"https:\/\/www.expatclinic.sk\/ru\/#organization"},"potentialAction":[{"@type":"SearchAction","target":{"@type":"EntryPoint","urlTemplate":"https:\/\/www.expatclinic.sk\/ru\/?s={search_term_string}"},"query-input":{"@type":"PropertyValueSpecification","valueRequired":true,"valueName":"search_term_string"}}],"inLanguage":"en-US"},{"@type":"Organization","@id":"https:\/\/www.expatclinic.sk\/ru\/#organization","name":"Expat Clinic","url":"https:\/\/www.expatclinic.sk\/ru\/","logo":{"@type":"ImageObject","inLanguage":"en-US","@id":"https:\/\/www.expatclinic.sk\/ru\/#\/schema\/logo\/image\/","url":"https:\/\/www.expatclinic.sk\/wp-content\/uploads\/2021\/06\/logo-expactclinic.svg","contentUrl":"https:\/\/www.expatclinic.sk\/wp-content\/uploads\/2021\/06\/logo-expactclinic.svg","width":182,"height":30,"caption":"Expat Clinic"},"image":{"@id":"https:\/\/www.expatclinic.sk\/ru\/#\/schema\/logo\/image\/"}}]}},"_links":{"self":[{"href":"https:\/\/www.expatclinic.sk\/en\/wp-json\/wp\/v2\/pages\/3811","targetHints":{"allow":["GET"]}}],"collection":[{"href":"https:\/\/www.expatclinic.sk\/en\/wp-json\/wp\/v2\/pages"}],"about":[{"href":"https:\/\/www.expatclinic.sk\/en\/wp-json\/wp\/v2\/types\/page"}],"author":[{"embeddable":true,"href":"https:\/\/www.expatclinic.sk\/en\/wp-json\/wp\/v2\/users\/1"}],"replies":[{"embeddable":true,"href":"https:\/\/www.expatclinic.sk\/en\/wp-json\/wp\/v2\/comments?post=3811"}],"version-history":[{"count":7,"href":"https:\/\/www.expatclinic.sk\/en\/wp-json\/wp\/v2\/pages\/3811\/revisions"}],"predecessor-version":[{"id":4286,"href":"https:\/\/www.expatclinic.sk\/en\/wp-json\/wp\/v2\/pages\/3811\/revisions\/4286"}],"wp:attachment":[{"href":"https:\/\/www.expatclinic.sk\/en\/wp-json\/wp\/v2\/media?parent=3811"}],"curies":[{"name":"wp","href":"https:\/\/api.w.org\/{rel}","templated":true}]}}