{"id":3612,"date":"2021-08-10T08:38:31","date_gmt":"2021-08-10T06:38:31","guid":{"rendered":"https:\/\/www.expatclinic.sk\/napisite-nam\/"},"modified":"2023-06-16T14:42:00","modified_gmt":"2023-06-16T12:42:00","slug":"napisite-nam","status":"publish","type":"page","link":"https:\/\/www.expatclinic.sk\/sr\/napisite-nam\/","title":{"rendered":"Napi\u0161ite nam"},"content":{"rendered":"\t\t<div data-elementor-type=\"wp-post\" data-elementor-id=\"3612\" class=\"elementor elementor-3612 elementor-228\" data-elementor-post-type=\"page\">\n\t\t\t\t\t\t<section class=\"elementor-section elementor-top-section elementor-element elementor-element-1b5247b9 elementor-section-boxed elementor-section-height-default elementor-section-height-default\" data-id=\"1b5247b9\" data-element_type=\"section\" data-e-type=\"section\" data-settings=\"{&quot;jet_parallax_layout_list&quot;:[{&quot;jet_parallax_layout_image&quot;:{&quot;url&quot;:&quot;&quot;,&quot;id&quot;:&quot;&quot;,&quot;size&quot;:&quot;&quot;},&quot;_id&quot;:&quot;2259e82&quot;,&quot;jet_parallax_layout_image_tablet&quot;:{&quot;url&quot;:&quot;&quot;,&quot;id&quot;:&quot;&quot;,&quot;size&quot;:&quot;&quot;},&quot;jet_parallax_layout_image_mobile&quot;:{&quot;url&quot;:&quot;&quot;,&quot;id&quot;:&quot;&quot;,&quot;size&quot;:&quot;&quot;},&quot;jet_parallax_layout_speed&quot;:{&quot;unit&quot;:&quot;%&quot;,&quot;size&quot;:50,&quot;sizes&quot;:[]},&quot;jet_parallax_layout_type&quot;:&quot;scroll&quot;,&quot;jet_parallax_layout_direction&quot;:&quot;1&quot;,&quot;jet_parallax_layout_fx_direction&quot;:null,&quot;jet_parallax_layout_z_index&quot;:&quot;&quot;,&quot;jet_parallax_layout_bg_x&quot;:50,&quot;jet_parallax_layout_bg_x_tablet&quot;:&quot;&quot;,&quot;jet_parallax_layout_bg_x_mobile&quot;:&quot;&quot;,&quot;jet_parallax_layout_bg_y&quot;:50,&quot;jet_parallax_layout_bg_y_tablet&quot;:&quot;&quot;,&quot;jet_parallax_layout_bg_y_mobile&quot;:&quot;&quot;,&quot;jet_parallax_layout_bg_size&quot;:&quot;auto&quot;,&quot;jet_parallax_layout_bg_size_tablet&quot;:&quot;&quot;,&quot;jet_parallax_layout_bg_size_mobile&quot;:&quot;&quot;,&quot;jet_parallax_layout_animation_prop&quot;:&quot;transform&quot;,&quot;jet_parallax_layout_on&quot;:[&quot;desktop&quot;,&quot;tablet&quot;]}],&quot;background_background&quot;:&quot;classic&quot;}\">\n\t\t\t\t\t\t<div class=\"elementor-container elementor-column-gap-default\">\n\t\t\t\t\t<div class=\"elementor-column elementor-col-100 elementor-top-column elementor-element elementor-element-56f189fa\" data-id=\"56f189fa\" data-element_type=\"column\" data-e-type=\"column\">\n\t\t\t<div class=\"elementor-widget-wrap elementor-element-populated\">\n\t\t\t\t\t\t<div class=\"elementor-element elementor-element-1b6e9b6e elementor-widget elementor-widget-heading\" data-id=\"1b6e9b6e\" data-element_type=\"widget\" data-e-type=\"widget\" data-widget_type=\"heading.default\">\n\t\t\t\t<div class=\"elementor-widget-container\">\n\t\t\t\t\t<h1 class=\"elementor-heading-title elementor-size-default\">\u041a\u043e\u043d\u0442\u0430\u043a\u0442\u0438<\/h1>\t\t\t\t<\/div>\n\t\t\t\t<\/div>\n\t\t\t\t\t<\/div>\n\t\t<\/div>\n\t\t\t\t\t<\/div>\n\t\t<\/section>\n\t\t\t\t<section class=\"elementor-section elementor-top-section elementor-element elementor-element-58480e35 elementor-section-boxed elementor-section-height-default elementor-section-height-default\" data-id=\"58480e35\" data-element_type=\"section\" data-e-type=\"section\" data-settings=\"{&quot;jet_parallax_layout_list&quot;:[{&quot;jet_parallax_layout_image&quot;:{&quot;url&quot;:&quot;&quot;,&quot;id&quot;:&quot;&quot;,&quot;size&quot;:&quot;&quot;},&quot;_id&quot;:&quot;1c83d67&quot;,&quot;jet_parallax_layout_image_tablet&quot;:{&quot;url&quot;:&quot;&quot;,&quot;id&quot;:&quot;&quot;,&quot;size&quot;:&quot;&quot;},&quot;jet_parallax_layout_image_mobile&quot;:{&quot;url&quot;:&quot;&quot;,&quot;id&quot;:&quot;&quot;,&quot;size&quot;:&quot;&quot;},&quot;jet_parallax_layout_speed&quot;:{&quot;unit&quot;:&quot;%&quot;,&quot;size&quot;:50,&quot;sizes&quot;:[]},&quot;jet_parallax_layout_type&quot;:&quot;scroll&quot;,&quot;jet_parallax_layout_direction&quot;:&quot;1&quot;,&quot;jet_parallax_layout_fx_direction&quot;:null,&quot;jet_parallax_layout_z_index&quot;:&quot;&quot;,&quot;jet_parallax_layout_bg_x&quot;:50,&quot;jet_parallax_layout_bg_x_tablet&quot;:&quot;&quot;,&quot;jet_parallax_layout_bg_x_mobile&quot;:&quot;&quot;,&quot;jet_parallax_layout_bg_y&quot;:50,&quot;jet_parallax_layout_bg_y_tablet&quot;:&quot;&quot;,&quot;jet_parallax_layout_bg_y_mobile&quot;:&quot;&quot;,&quot;jet_parallax_layout_bg_size&quot;:&quot;auto&quot;,&quot;jet_parallax_layout_bg_size_tablet&quot;:&quot;&quot;,&quot;jet_parallax_layout_bg_size_mobile&quot;:&quot;&quot;,&quot;jet_parallax_layout_animation_prop&quot;:&quot;transform&quot;,&quot;jet_parallax_layout_on&quot;:[&quot;desktop&quot;,&quot;tablet&quot;]}]}\">\n\t\t\t\t\t\t<div class=\"elementor-container elementor-column-gap-default\">\n\t\t\t\t\t<div class=\"elementor-column elementor-col-100 elementor-top-column elementor-element elementor-element-79f00f10\" data-id=\"79f00f10\" data-element_type=\"column\" data-e-type=\"column\">\n\t\t\t<div class=\"elementor-widget-wrap elementor-element-populated\">\n\t\t\t\t\t\t<div class=\"elementor-element elementor-element-155a463a elementor-widget__width-initial elementor-widget elementor-widget-heading\" data-id=\"155a463a\" data-element_type=\"widget\" data-e-type=\"widget\" data-widget_type=\"heading.default\">\n\t\t\t\t<div class=\"elementor-widget-container\">\n\t\t\t\t\t<h2 class=\"elementor-heading-title elementor-size-default\">\u041a\u043e\u043d\u0442\u0430\u043a\u0442\u0438\u0440\u0430\u0458\u0442\u0435 \u043d\u0430\u0441<\/h2>\t\t\t\t<\/div>\n\t\t\t\t<\/div>\n\t\t\t\t<div class=\"elementor-element elementor-element-5eb2b236 elementor-widget elementor-widget-text-editor\" data-id=\"5eb2b236\" data-element_type=\"widget\" data-e-type=\"widget\" data-widget_type=\"text-editor.default\">\n\t\t\t\t<div class=\"elementor-widget-container\">\n\t\t\t\t\t\t\t\t\t<p>\u041d\u0435 \u043e\u043a\u043b\u0435\u0432\u0430\u0458\u0442\u0435 \u0434\u0430 \u043d\u0430\u0441 \u043a\u043e\u043d\u0442\u0430\u043a\u0442\u0438\u0440\u0430\u0442\u0435 \u0447\u0430\u043a \u043d\u0438 \u0432\u0438\u043a\u0435\u043d\u0434\u043e\u043c.<\/p>\t\t\t\t\t\t\t\t<\/div>\n\t\t\t\t<\/div>\n\t\t\t\t<div class=\"elementor-element elementor-element-2ba8b8cc elementor-widget elementor-widget-text-editor\" data-id=\"2ba8b8cc\" data-element_type=\"widget\" data-e-type=\"widget\" data-widget_type=\"text-editor.default\">\n\t\t\t\t<div class=\"elementor-widget-container\">\n\t\t\t\t\t\t\t\t\t<p>\u0423\u043a\u043e\u043b\u0438\u043a\u043e \u0432\u0430\u043c \u0458\u0435 \u043f\u043e\u0442\u0440\u0435\u0431\u0430\u043d \u043f\u0440\u0438\u0441\u0442\u0443\u043f \u0430\u043c\u0431\u0443\u043b\u0430\u043d\u0442\u0438 \u0431\u0435\u0437 \u0431\u0430\u0440\u0438\u0458\u0435\u0440\u0430, \u043f\u043e\u0437\u043e\u0432\u0438\u0442\u0435 0948 350 123.<\/p>\t\t\t\t\t\t\t\t<\/div>\n\t\t\t\t<\/div>\n\t\t\t\t<div class=\"elementor-element elementor-element-6074ad44 elementor-widget elementor-widget-text-editor\" data-id=\"6074ad44\" data-element_type=\"widget\" data-e-type=\"widget\" data-widget_type=\"text-editor.default\">\n\t\t\t\t<div class=\"elementor-widget-container\">\n\t\t\t\t\t\t\t\t\t<div class='fluentform ff-default fluentform_wrapper_4 ffs_default_wrap'><form data-form_id=\"4\" id=\"fluentform_4\" class=\"frm-fluent-form fluent_form_4 ff-el-form-top ff_form_instance_4_1 ff-form-loading ff_has_v3_recptcha ffs_default\" data-form_instance=\"ff_form_instance_4_1\" method=\"POST\" data-recptcha_key=\"6Ldr0Y8bAAAAAH5liefvPtaugaiCzKRorK4pSuI5\" ><fieldset  style=\"border: none!important;margin: 0!important;padding: 0!important;background-color: transparent!important;box-shadow: none!important;outline: none!important; min-inline-size: 100%;\">\n                    <legend class=\"ff_screen_reader_title\" style=\"display: block; margin: 0!important;padding: 0!important;height: 0!important;text-indent: -999999px;width: 0!important;overflow:hidden;\">Kontaktn\u00fd formul\u00e1r SRB<\/legend>        <div\n                style=\"display: none!important; position: absolute!important; transform: translateX(1000%)!important;\"\n                class=\"ff-el-group ff-hpsf-container\"\n        >\n            <div class=\"ff-el-input--label asterisk-right\">\n                <label for=\"ff_4_item_sf\" aria-label=\"Updates\">\n                    Updates                <\/label>\n            <\/div>\n            <div class=\"ff-el-input--content\">\n                <input type=\"text\"\n                       name=\"item_4__fluent_sf\"\n                       class=\"ff-el-form-control\"\n                       id=\"ff_4_item_sf\"\n                \/>\n            <\/div>\n        <\/div>\n        <input type='hidden' name='__fluent_form_embded_post_id' value='3612' \/><input type=\"hidden\" id=\"_fluentform_4_fluentformnonce\" name=\"_fluentform_4_fluentformnonce\" value=\"8a91688abb\" \/><input type=\"hidden\" name=\"_wp_http_referer\" value=\"\/sr\/wp-json\/wp\/v2\/pages\/3612\" \/><div class='ff-el-group ff-el-form-hide_label'><div class=\"ff-el-input--label ff-el-is-required asterisk-right\"><label for='ff_4_input_text_1' id='label_ff_4_input_text_1' aria-label=\"Ime\">Ime<\/label><\/div><div class='ff-el-input--content'><input type=\"text\" name=\"input_text_1\" class=\"ff-el-form-control\" placeholder=\"Ime\" data-name=\"input_text_1\" id=\"ff_4_input_text_1\"  aria-invalid=\"false\" aria-required=true><\/div><\/div><div class='ff-el-group ff-el-form-hide_label'><div class=\"ff-el-input--label ff-el-is-required asterisk-right\"><label for='ff_4_email_1' id='label_ff_4_email_1' aria-label=\"E-mail\">E-mail<\/label><\/div><div class='ff-el-input--content'><input type=\"email\" name=\"email_1\" id=\"ff_4_email_1\" class=\"ff-el-form-control\" placeholder=\"E-mail\" data-name=\"email_1\"  aria-invalid=\"false\" aria-required=true><\/div><\/div><div class='ff-el-group ff-el-form-hide_label'><div class=\"ff-el-input--label asterisk-right\"><label for='ff_4_description' id='label_ff_4_description' aria-label=\"Va\u0161a poruka\">Va\u0161a poruka<\/label><\/div><div class='ff-el-input--content'><textarea aria-required=\"false\" aria-labelledby=\"label_ff_4_description\" name=\"description\" id=\"ff_4_description\" class=\"ff-el-form-control\" placeholder=\"Va\u0161a poruka\" rows=\"3\" cols=\"1\" data-name=\"description\" ><\/textarea><\/div><\/div><div class='ff-el-group ff-text-center elementor-button-wrapper ff_submit_btn_wrapper ff_submit_btn_wrapper_custom'><button class=\"ff-btn ff-btn-submit ff-btn-md elementor-button ff_btn_style wpf_has_custom_css\" type=\"submit\" name=\"custom_submit_button-4_1\" data-name=\"custom_submit_button-4_1\"  aria-label=\"Po\u0161alji poruku\">Po\u0161alji poruku<\/button><style>form.fluent_form_4 .wpf_has_custom_css.ff-btn-submit { background-color:rgba(40, 189, 209, 1);border-color:rgba(40, 189, 209, 1);color:#FFFFFF;border-radius:7px;min-width:100%; }form.fluent_form_4 .wpf_has_custom_css.ff-btn-submit:hover { background-color:rgba(161, 204, 58, 1);border-color:rgba(161, 204, 58, 1);color:#FFFFFF;min-width:100%; } <\/style><\/div><\/fieldset><\/form><div id='fluentform_4_errors' class='ff-errors-in-stack ff_form_instance_4_1 ff-form-loading_errors ff_form_instance_4_1_errors'><\/div><\/div>            <script type=\"text\/javascript\">\n                window.fluent_form_ff_form_instance_4_1 = {\"id\":\"4\",\"settings\":{\"layout\":{\"labelPlacement\":\"top\",\"helpMessagePlacement\":\"with_label\",\"errorMessagePlacement\":\"inline\",\"asteriskPlacement\":\"asterisk-right\"},\"restrictions\":{\"denyEmptySubmission\":{\"enabled\":false}}},\"form_instance\":\"ff_form_instance_4_1\",\"form_id_selector\":\"fluentform_4\",\"rules\":{\"input_text_1\":{\"required\":{\"value\":true,\"message\":\"\\u041d\\u0435\\u043e\\u0431\\u0445\\u043e\\u0434\\u0438\\u043c\\u043e \\u0437\\u0430\\u043f\\u043e\\u043b\\u043d\\u0438\\u0442\\u044c\"}},\"email_1\":{\"required\":{\"value\":true,\"message\":\"Ova informacija je obavezna\"},\"email\":{\"value\":true,\"message\":\"This field must contain a valid email\"}},\"description\":{\"required\":{\"value\":false,\"message\":\"This field is required\"}},\"g-recaptcha-response\":[]},\"debounce_time\":300};\n                            <\/script>\n            \t\t\t\t\t\t\t\t<\/div>\n\t\t\t\t<\/div>\n\t\t\t\t\t<\/div>\n\t\t<\/div>\n\t\t\t\t\t<\/div>\n\t\t<\/section>\n\t\t\t\t<\/div>\n\t\t","protected":false},"excerpt":{"rendered":"<p>\u041a\u043e\u043d\u0442\u0430\u043a\u0442\u0438 \u041a\u043e\u043d\u0442\u0430\u043a\u0442\u0438\u0440\u0430\u0458\u0442\u0435 \u043d\u0430\u0441 \u041d\u0435 \u043e\u043a\u043b\u0435\u0432\u0430\u0458\u0442\u0435 \u0434\u0430 \u043d\u0430\u0441 \u043a\u043e\u043d\u0442\u0430\u043a\u0442\u0438\u0440\u0430\u0442\u0435 \u0447\u0430\u043a \u043d\u0438 \u0432\u0438\u043a\u0435\u043d\u0434\u043e\u043c. \u0423\u043a\u043e\u043b\u0438\u043a\u043e \u0432\u0430\u043c \u0458\u0435 \u043f\u043e\u0442\u0440\u0435\u0431\u0430\u043d \u043f\u0440\u0438\u0441\u0442\u0443\u043f \u0430\u043c\u0431\u0443\u043b\u0430\u043d\u0442\u0438 \u0431\u0435\u0437 \u0431\u0430\u0440\u0438\u0458\u0435\u0440\u0430, \u043f\u043e\u0437\u043e\u0432\u0438\u0442\u0435 0948 350 123.<\/p>\n","protected":false},"author":1,"featured_media":0,"parent":0,"menu_order":0,"comment_status":"closed","ping_status":"closed","template":"elementor_header_footer","meta":{"_acf_changed":false,"_cloudinary_featured_overwrite":false,"footnotes":""},"class_list":["post-3612","page","type-page","status-publish","hentry"],"acf":[],"yoast_head":"<!-- This site is optimized with the Yoast SEO plugin v27.3 - https:\/\/yoast.com\/product\/yoast-seo-wordpress\/ -->\n<title>Napi\u0161ite nam - Expat Clinic<\/title>\n<meta name=\"robots\" content=\"index, follow, max-snippet:-1, max-image-preview:large, max-video-preview:-1\" \/>\n<link rel=\"canonical\" href=\"https:\/\/www.expatclinic.sk\/kontakty\/\" \/>\n<meta property=\"og:locale\" content=\"sr_RS\" \/>\n<meta property=\"og:type\" content=\"article\" \/>\n<meta property=\"og:title\" content=\"Napi\u0161ite nam - Expat Clinic\" \/>\n<meta property=\"og:description\" content=\"\u041a\u043e\u043d\u0442\u0430\u043a\u0442\u0438 \u041a\u043e\u043d\u0442\u0430\u043a\u0442\u0438\u0440\u0430\u0458\u0442\u0435 \u043d\u0430\u0441 \u041d\u0435 \u043e\u043a\u043b\u0435\u0432\u0430\u0458\u0442\u0435 \u0434\u0430 \u043d\u0430\u0441 \u043a\u043e\u043d\u0442\u0430\u043a\u0442\u0438\u0440\u0430\u0442\u0435 \u0447\u0430\u043a \u043d\u0438 \u0432\u0438\u043a\u0435\u043d\u0434\u043e\u043c. \u0423\u043a\u043e\u043b\u0438\u043a\u043e \u0432\u0430\u043c \u0458\u0435 \u043f\u043e\u0442\u0440\u0435\u0431\u0430\u043d \u043f\u0440\u0438\u0441\u0442\u0443\u043f \u0430\u043c\u0431\u0443\u043b\u0430\u043d\u0442\u0438 \u0431\u0435\u0437 \u0431\u0430\u0440\u0438\u0458\u0435\u0440\u0430, \u043f\u043e\u0437\u043e\u0432\u0438\u0442\u0435 0948 350 123.\" \/>\n<meta property=\"og:url\" content=\"https:\/\/www.expatclinic.sk\/kontakty\/\" \/>\n<meta property=\"og:site_name\" content=\"Expat Clinic\" \/>\n<meta property=\"article:modified_time\" content=\"2023-06-16T12:42:00+00:00\" \/>\n<meta name=\"twitter:card\" content=\"summary_large_image\" \/>\n<meta name=\"twitter:label1\" content=\"\u041f\u0440\u043e\u0446\u0435\u045a\u0435\u043d\u043e \u0432\u0440\u0435\u043c\u0435 \u0447\u0438\u0442\u0430\u045a\u0430\" \/>\n\t<meta name=\"twitter:data1\" content=\"1 \u043c\u0438\u043d\u0443\u0442\" \/>\n<script type=\"application\/ld+json\" class=\"yoast-schema-graph\">{\"@context\":\"https:\\\/\\\/schema.org\",\"@graph\":[{\"@type\":\"WebPage\",\"@id\":\"https:\\\/\\\/www.expatclinic.sk\\\/kontakty\\\/\",\"url\":\"https:\\\/\\\/www.expatclinic.sk\\\/kontakty\\\/\",\"name\":\"Napi\u0161ite nam - Expat Clinic\",\"isPartOf\":{\"@id\":\"https:\\\/\\\/www.expatclinic.sk\\\/ru\\\/#website\"},\"datePublished\":\"2021-08-10T06:38:31+00:00\",\"dateModified\":\"2023-06-16T12:42:00+00:00\",\"breadcrumb\":{\"@id\":\"https:\\\/\\\/www.expatclinic.sk\\\/kontakty\\\/#breadcrumb\"},\"inLanguage\":\"sr-RS\",\"potentialAction\":[{\"@type\":\"ReadAction\",\"target\":[\"https:\\\/\\\/www.expatclinic.sk\\\/kontakty\\\/\"]}]},{\"@type\":\"BreadcrumbList\",\"@id\":\"https:\\\/\\\/www.expatclinic.sk\\\/kontakty\\\/#breadcrumb\",\"itemListElement\":[{\"@type\":\"ListItem\",\"position\":1,\"name\":\"Domovsk\u00e1 str\u00e1nka\",\"item\":\"https:\\\/\\\/www.expatclinic.sk\\\/\"},{\"@type\":\"ListItem\",\"position\":2,\"name\":\"Napi\u0161ite nam\"}]},{\"@type\":\"WebSite\",\"@id\":\"https:\\\/\\\/www.expatclinic.sk\\\/ru\\\/#website\",\"url\":\"https:\\\/\\\/www.expatclinic.sk\\\/ru\\\/\",\"name\":\"Expat Clinic\",\"description\":\"Ambulancia infek\u010dn\u00fdch a cudzokrajn\u00fdch chor\u00f4b v Nitre. Vy\u0161etr\u00edme V\u00e1s aj bez objadnania.\",\"publisher\":{\"@id\":\"https:\\\/\\\/www.expatclinic.sk\\\/ru\\\/#organization\"},\"potentialAction\":[{\"@type\":\"SearchAction\",\"target\":{\"@type\":\"EntryPoint\",\"urlTemplate\":\"https:\\\/\\\/www.expatclinic.sk\\\/ru\\\/?s={search_term_string}\"},\"query-input\":{\"@type\":\"PropertyValueSpecification\",\"valueRequired\":true,\"valueName\":\"search_term_string\"}}],\"inLanguage\":\"sr-RS\"},{\"@type\":\"Organization\",\"@id\":\"https:\\\/\\\/www.expatclinic.sk\\\/ru\\\/#organization\",\"name\":\"Expat Clinic\",\"url\":\"https:\\\/\\\/www.expatclinic.sk\\\/ru\\\/\",\"logo\":{\"@type\":\"ImageObject\",\"inLanguage\":\"sr-RS\",\"@id\":\"https:\\\/\\\/www.expatclinic.sk\\\/ru\\\/#\\\/schema\\\/logo\\\/image\\\/\",\"url\":\"https:\\\/\\\/www.expatclinic.sk\\\/wp-content\\\/uploads\\\/2021\\\/06\\\/logo-expactclinic.svg\",\"contentUrl\":\"https:\\\/\\\/www.expatclinic.sk\\\/wp-content\\\/uploads\\\/2021\\\/06\\\/logo-expactclinic.svg\",\"width\":182,\"height\":30,\"caption\":\"Expat Clinic\"},\"image\":{\"@id\":\"https:\\\/\\\/www.expatclinic.sk\\\/ru\\\/#\\\/schema\\\/logo\\\/image\\\/\"}}]}<\/script>\n<!-- \/ Yoast SEO plugin. -->","yoast_head_json":{"title":"Napi\u0161ite nam - Expat Clinic","robots":{"index":"index","follow":"follow","max-snippet":"max-snippet:-1","max-image-preview":"max-image-preview:large","max-video-preview":"max-video-preview:-1"},"canonical":"https:\/\/www.expatclinic.sk\/kontakty\/","og_locale":"sr_RS","og_type":"article","og_title":"Napi\u0161ite nam - Expat Clinic","og_description":"\u041a\u043e\u043d\u0442\u0430\u043a\u0442\u0438 \u041a\u043e\u043d\u0442\u0430\u043a\u0442\u0438\u0440\u0430\u0458\u0442\u0435 \u043d\u0430\u0441 \u041d\u0435 \u043e\u043a\u043b\u0435\u0432\u0430\u0458\u0442\u0435 \u0434\u0430 \u043d\u0430\u0441 \u043a\u043e\u043d\u0442\u0430\u043a\u0442\u0438\u0440\u0430\u0442\u0435 \u0447\u0430\u043a \u043d\u0438 \u0432\u0438\u043a\u0435\u043d\u0434\u043e\u043c. \u0423\u043a\u043e\u043b\u0438\u043a\u043e \u0432\u0430\u043c \u0458\u0435 \u043f\u043e\u0442\u0440\u0435\u0431\u0430\u043d \u043f\u0440\u0438\u0441\u0442\u0443\u043f \u0430\u043c\u0431\u0443\u043b\u0430\u043d\u0442\u0438 \u0431\u0435\u0437 \u0431\u0430\u0440\u0438\u0458\u0435\u0440\u0430, \u043f\u043e\u0437\u043e\u0432\u0438\u0442\u0435 0948 350 123.","og_url":"https:\/\/www.expatclinic.sk\/kontakty\/","og_site_name":"Expat Clinic","article_modified_time":"2023-06-16T12:42:00+00:00","twitter_card":"summary_large_image","twitter_misc":{"\u041f\u0440\u043e\u0446\u0435\u045a\u0435\u043d\u043e \u0432\u0440\u0435\u043c\u0435 \u0447\u0438\u0442\u0430\u045a\u0430":"1 \u043c\u0438\u043d\u0443\u0442"},"schema":{"@context":"https:\/\/schema.org","@graph":[{"@type":"WebPage","@id":"https:\/\/www.expatclinic.sk\/kontakty\/","url":"https:\/\/www.expatclinic.sk\/kontakty\/","name":"Napi\u0161ite nam - Expat Clinic","isPartOf":{"@id":"https:\/\/www.expatclinic.sk\/ru\/#website"},"datePublished":"2021-08-10T06:38:31+00:00","dateModified":"2023-06-16T12:42:00+00:00","breadcrumb":{"@id":"https:\/\/www.expatclinic.sk\/kontakty\/#breadcrumb"},"inLanguage":"sr-RS","potentialAction":[{"@type":"ReadAction","target":["https:\/\/www.expatclinic.sk\/kontakty\/"]}]},{"@type":"BreadcrumbList","@id":"https:\/\/www.expatclinic.sk\/kontakty\/#breadcrumb","itemListElement":[{"@type":"ListItem","position":1,"name":"Domovsk\u00e1 str\u00e1nka","item":"https:\/\/www.expatclinic.sk\/"},{"@type":"ListItem","position":2,"name":"Napi\u0161ite nam"}]},{"@type":"WebSite","@id":"https:\/\/www.expatclinic.sk\/ru\/#website","url":"https:\/\/www.expatclinic.sk\/ru\/","name":"Expat Clinic","description":"Ambulancia infek\u010dn\u00fdch a cudzokrajn\u00fdch chor\u00f4b v Nitre. Vy\u0161etr\u00edme V\u00e1s aj bez objadnania.","publisher":{"@id":"https:\/\/www.expatclinic.sk\/ru\/#organization"},"potentialAction":[{"@type":"SearchAction","target":{"@type":"EntryPoint","urlTemplate":"https:\/\/www.expatclinic.sk\/ru\/?s={search_term_string}"},"query-input":{"@type":"PropertyValueSpecification","valueRequired":true,"valueName":"search_term_string"}}],"inLanguage":"sr-RS"},{"@type":"Organization","@id":"https:\/\/www.expatclinic.sk\/ru\/#organization","name":"Expat Clinic","url":"https:\/\/www.expatclinic.sk\/ru\/","logo":{"@type":"ImageObject","inLanguage":"sr-RS","@id":"https:\/\/www.expatclinic.sk\/ru\/#\/schema\/logo\/image\/","url":"https:\/\/www.expatclinic.sk\/wp-content\/uploads\/2021\/06\/logo-expactclinic.svg","contentUrl":"https:\/\/www.expatclinic.sk\/wp-content\/uploads\/2021\/06\/logo-expactclinic.svg","width":182,"height":30,"caption":"Expat Clinic"},"image":{"@id":"https:\/\/www.expatclinic.sk\/ru\/#\/schema\/logo\/image\/"}}]}},"_links":{"self":[{"href":"https:\/\/www.expatclinic.sk\/sr\/wp-json\/wp\/v2\/pages\/3612","targetHints":{"allow":["GET"]}}],"collection":[{"href":"https:\/\/www.expatclinic.sk\/sr\/wp-json\/wp\/v2\/pages"}],"about":[{"href":"https:\/\/www.expatclinic.sk\/sr\/wp-json\/wp\/v2\/types\/page"}],"author":[{"embeddable":true,"href":"https:\/\/www.expatclinic.sk\/sr\/wp-json\/wp\/v2\/users\/1"}],"replies":[{"embeddable":true,"href":"https:\/\/www.expatclinic.sk\/sr\/wp-json\/wp\/v2\/comments?post=3612"}],"version-history":[{"count":7,"href":"https:\/\/www.expatclinic.sk\/sr\/wp-json\/wp\/v2\/pages\/3612\/revisions"}],"predecessor-version":[{"id":4459,"href":"https:\/\/www.expatclinic.sk\/sr\/wp-json\/wp\/v2\/pages\/3612\/revisions\/4459"}],"wp:attachment":[{"href":"https:\/\/www.expatclinic.sk\/sr\/wp-json\/wp\/v2\/media?parent=3612"}],"curies":[{"name":"wp","href":"https:\/\/api.w.org\/{rel}","templated":true}]}}