{"id":3686,"date":"2021-08-12T08:19:42","date_gmt":"2021-08-12T06:19:42","guid":{"rendered":"https:\/\/www.expatclinic.sk\/blog\/"},"modified":"2026-04-10T11:31:12","modified_gmt":"2026-04-10T09:31:12","slug":"blog","status":"publish","type":"page","link":"https:\/\/www.expatclinic.sk\/sr\/blog\/","title":{"rendered":"Blog"},"content":{"rendered":"\t\t<div data-elementor-type=\"wp-post\" data-elementor-id=\"3686\" class=\"elementor elementor-3686 elementor-790\" data-elementor-post-type=\"page\">\n\t\t\t\t\t\t<section class=\"elementor-section elementor-top-section elementor-element elementor-element-8074fd0 elementor-section-boxed elementor-section-height-default elementor-section-height-default\" data-id=\"8074fd0\" data-element_type=\"section\" data-e-type=\"section\" data-settings=\"{&quot;jet_parallax_layout_list&quot;:[{&quot;jet_parallax_layout_image&quot;:{&quot;url&quot;:&quot;&quot;,&quot;id&quot;:&quot;&quot;,&quot;size&quot;:&quot;&quot;},&quot;_id&quot;:&quot;13e62cb&quot;,&quot;jet_parallax_layout_image_tablet&quot;:{&quot;url&quot;:&quot;&quot;,&quot;id&quot;:&quot;&quot;,&quot;size&quot;:&quot;&quot;},&quot;jet_parallax_layout_image_mobile&quot;:{&quot;url&quot;:&quot;&quot;,&quot;id&quot;:&quot;&quot;,&quot;size&quot;:&quot;&quot;},&quot;jet_parallax_layout_speed&quot;:{&quot;unit&quot;:&quot;%&quot;,&quot;size&quot;:50,&quot;sizes&quot;:[]},&quot;jet_parallax_layout_type&quot;:&quot;scroll&quot;,&quot;jet_parallax_layout_direction&quot;:&quot;1&quot;,&quot;jet_parallax_layout_fx_direction&quot;:null,&quot;jet_parallax_layout_z_index&quot;:&quot;&quot;,&quot;jet_parallax_layout_bg_x&quot;:50,&quot;jet_parallax_layout_bg_x_tablet&quot;:&quot;&quot;,&quot;jet_parallax_layout_bg_x_mobile&quot;:&quot;&quot;,&quot;jet_parallax_layout_bg_y&quot;:50,&quot;jet_parallax_layout_bg_y_tablet&quot;:&quot;&quot;,&quot;jet_parallax_layout_bg_y_mobile&quot;:&quot;&quot;,&quot;jet_parallax_layout_bg_size&quot;:&quot;auto&quot;,&quot;jet_parallax_layout_bg_size_tablet&quot;:&quot;&quot;,&quot;jet_parallax_layout_bg_size_mobile&quot;:&quot;&quot;,&quot;jet_parallax_layout_animation_prop&quot;:&quot;transform&quot;,&quot;jet_parallax_layout_on&quot;:[&quot;desktop&quot;,&quot;tablet&quot;]}],&quot;background_background&quot;:&quot;classic&quot;}\">\n\t\t\t\t\t\t<div class=\"elementor-container elementor-column-gap-default\">\n\t\t\t\t\t<div class=\"elementor-column elementor-col-100 elementor-top-column elementor-element elementor-element-af8a8d3\" data-id=\"af8a8d3\" data-element_type=\"column\" data-e-type=\"column\">\n\t\t\t<div class=\"elementor-widget-wrap elementor-element-populated\">\n\t\t\t\t\t\t<div class=\"elementor-element elementor-element-3d5dcdaa elementor-widget__width-initial elementor-widget elementor-widget-heading\" data-id=\"3d5dcdaa\" data-element_type=\"widget\" data-e-type=\"widget\" data-widget_type=\"heading.default\">\n\t\t\t\t<div class=\"elementor-widget-container\">\n\t\t\t\t\t<h3 class=\"elementor-heading-title elementor-size-default\">NA\u0160E PUBLIKACIJE<\/h3>\t\t\t\t<\/div>\n\t\t\t\t<\/div>\n\t\t\t\t<div class=\"elementor-element elementor-element-651a57c9 elementor-widget elementor-widget-heading\" data-id=\"651a57c9\" data-element_type=\"widget\" data-e-type=\"widget\" data-widget_type=\"heading.default\">\n\t\t\t\t<div class=\"elementor-widget-container\">\n\t\t\t\t\t<h2 class=\"elementor-heading-title elementor-size-default\">Nedavni postovi na blogu<\/h2>\t\t\t\t<\/div>\n\t\t\t\t<\/div>\n\t\t\t\t<div class=\"elementor-element elementor-element-5df6b9b1 elementor-widget elementor-widget-text-editor\" data-id=\"5df6b9b1\" data-element_type=\"widget\" data-e-type=\"widget\" data-widget_type=\"text-editor.default\">\n\t\t\t\t<div class=\"elementor-widget-container\">\n\t\t\t\t\t\t\t\t\t<p align=\"center\">Pratimo aktuelno zakonodavstvo u na\u0161oj oblasti, pratite na\u0161 blog i\u00a0budite u\u00a0toku.<\/p>\t\t\t\t\t\t\t\t<\/div>\n\t\t\t\t<\/div>\n\t\t\t\t<div class=\"elementor-element elementor-element-7b4275c elementor-grid-3 elementor-grid-tablet-2 elementor-grid-mobile-1 elementor-posts--thumbnail-top elementor-posts--show-avatar elementor-card-shadow-yes elementor-posts__hover-gradient elementor-widget elementor-widget-posts\" data-id=\"7b4275c\" data-element_type=\"widget\" data-e-type=\"widget\" data-settings=\"{&quot;cards_row_gap&quot;:{&quot;unit&quot;:&quot;px&quot;,&quot;size&quot;:30,&quot;sizes&quot;:[]},&quot;pagination_type&quot;:&quot;numbers&quot;,&quot;cards_columns&quot;:&quot;3&quot;,&quot;cards_columns_tablet&quot;:&quot;2&quot;,&quot;cards_columns_mobile&quot;:&quot;1&quot;,&quot;cards_row_gap_tablet&quot;:{&quot;unit&quot;:&quot;px&quot;,&quot;size&quot;:&quot;&quot;,&quot;sizes&quot;:[]},&quot;cards_row_gap_mobile&quot;:{&quot;unit&quot;:&quot;px&quot;,&quot;size&quot;:&quot;&quot;,&quot;sizes&quot;:[]}}\" data-widget_type=\"posts.cards\">\n\t\t\t\t<div class=\"elementor-widget-container\">\n\t\t\t\t\t\t\t<div class=\"elementor-posts-container elementor-posts elementor-posts--skin-cards elementor-grid\" role=\"list\">\n\t\t\t\t<article class=\"elementor-post elementor-grid-item post-3693 post type-post status-publish format-standard has-post-thumbnail hentry category-lekarski-pregled-stranaca\" role=\"listitem\">\n\t\t\t<div class=\"elementor-post__card\">\n\t\t\t\t<a class=\"elementor-post__thumbnail__link\" href=\"https:\/\/www.expatclinic.sk\/sr\/ko-podnosi-lekarsko-uverenje-policiji-za-strance\/\" tabindex=\"-1\" ><div class=\"elementor-post__thumbnail\"><img fetchpriority=\"high\" decoding=\"async\" width=\"300\" height=\"240\" src=\"https:\/\/www.expatclinic.sk\/wp-content\/uploads\/2021\/07\/passport-2714675_1280-300x240.jpg\" class=\"attachment-medium size-medium wp-post-3689 wp-image-3001\" alt=\"\" srcset=\"https:\/\/www.expatclinic.sk\/wp-content\/uploads\/2021\/07\/passport-2714675_1280-300x240.jpg 300w, https:\/\/www.expatclinic.sk\/wp-content\/uploads\/2021\/07\/passport-2714675_1280-1024x819.jpg 1024w, https:\/\/www.expatclinic.sk\/wp-content\/uploads\/2021\/07\/passport-2714675_1280-768x614.jpg 768w, https:\/\/www.expatclinic.sk\/wp-content\/uploads\/2021\/07\/passport-2714675_1280.jpg 1280w\" sizes=\"(max-width: 300px) 100vw, 300px\" \/><\/div><\/a>\n\t\t\t\t<div class=\"elementor-post__avatar\">\n\t\t\t\t\t<\/div>\n\t\t\t\t<div class=\"elementor-post__text\">\n\t\t\t\t<h3 class=\"elementor-post__title\">\n\t\t\t<a href=\"https:\/\/www.expatclinic.sk\/sr\/ko-podnosi-lekarsko-uverenje-policiji-za-strance\/\" >\n\t\t\t\tKo podnosi lekarsko uverenje policiji za strance?\t\t\t<\/a>\n\t\t<\/h3>\n\t\t\t\t<div class=\"elementor-post__excerpt\">\n\t\t\t<p>Lekarsko uverenje standardno podnose stranci iz trec\u0301ih zemalja (koji nisu dr\u017eavljani EU) kojima je odobren privremeni boravak. Ako je strancu iz trec\u0301e zemlje odobren privremeni<\/p>\n\t\t<\/div>\n\t\t\t\t\t<div class=\"elementor-post__read-more-wrapper\">\n\t\t\n\t\t<a class=\"elementor-post__read-more\" href=\"https:\/\/www.expatclinic.sk\/sr\/ko-podnosi-lekarsko-uverenje-policiji-za-strance\/\" aria-label=\"Read more about Ko podnosi lekarsko uverenje policiji za strance?\" tabindex=\"-1\" >\n\t\t\t\u041f\u0440\u043e\u0447\u0438\u0442\u0430\u0458\u0442\u0435 \u0432\u0438\u0448\u0435\t\t<\/a>\n\n\t\t\t\t\t<\/div>\n\t\t\t\t<\/div>\n\t\t\t\t<div class=\"elementor-post__meta-data\">\n\t\t\t\t\t<span class=\"elementor-post-date\">\n\t\t\t12. \u0430\u0432\u0433\u0443\u0441\u0442 2021.\t\t<\/span>\n\t\t\t\t<\/div>\n\t\t\t\t\t<\/div>\n\t\t<\/article>\n\t\t\t\t<article class=\"elementor-post elementor-grid-item post-3691 post type-post status-publish format-standard has-post-thumbnail hentry category-lekarski-pregled-stranaca\" role=\"listitem\">\n\t\t\t<div class=\"elementor-post__card\">\n\t\t\t\t<a class=\"elementor-post__thumbnail__link\" href=\"https:\/\/www.expatclinic.sk\/sr\/cesta-pitanja-o-lekarskom-pregledu-za-strance\/\" tabindex=\"-1\" ><div class=\"elementor-post__thumbnail\"><img decoding=\"async\" width=\"300\" height=\"200\" src=\"https:\/\/www.expatclinic.sk\/wp-content\/uploads\/2021\/07\/search-1756278_1280-300x200.jpg\" class=\"attachment-medium size-medium wp-post-3689 wp-image-3009\" alt=\"\" srcset=\"https:\/\/www.expatclinic.sk\/wp-content\/uploads\/2021\/07\/search-1756278_1280-300x200.jpg 300w, https:\/\/www.expatclinic.sk\/wp-content\/uploads\/2021\/07\/search-1756278_1280-1024x682.jpg 1024w, https:\/\/www.expatclinic.sk\/wp-content\/uploads\/2021\/07\/search-1756278_1280-768x512.jpg 768w, https:\/\/www.expatclinic.sk\/wp-content\/uploads\/2021\/07\/search-1756278_1280.jpg 1280w\" sizes=\"(max-width: 300px) 100vw, 300px\" \/><\/div><\/a>\n\t\t\t\t<div class=\"elementor-post__avatar\">\n\t\t\t\t\t<\/div>\n\t\t\t\t<div class=\"elementor-post__text\">\n\t\t\t\t<h3 class=\"elementor-post__title\">\n\t\t\t<a href=\"https:\/\/www.expatclinic.sk\/sr\/cesta-pitanja-o-lekarskom-pregledu-za-strance\/\" >\n\t\t\t\t\u010cesta pitanja o lekarskom pregledu za strance\t\t\t<\/a>\n\t\t<\/h3>\n\t\t\t\t<div class=\"elementor-post__excerpt\">\n\t\t\t<p>Koliko je vremenski va\u017ee\u0107e lekarsko uverenje za policiju za strance? Lekarsko uverenje kojim se potvr\u0111uje da se ne boluje od bolesti koja ugro\u017eava javno zdravlje<\/p>\n\t\t<\/div>\n\t\t\t\t\t<div class=\"elementor-post__read-more-wrapper\">\n\t\t\n\t\t<a class=\"elementor-post__read-more\" href=\"https:\/\/www.expatclinic.sk\/sr\/cesta-pitanja-o-lekarskom-pregledu-za-strance\/\" aria-label=\"Read more about \u010cesta pitanja o lekarskom pregledu za strance\" tabindex=\"-1\" >\n\t\t\t\u041f\u0440\u043e\u0447\u0438\u0442\u0430\u0458\u0442\u0435 \u0432\u0438\u0448\u0435\t\t<\/a>\n\n\t\t\t\t\t<\/div>\n\t\t\t\t<\/div>\n\t\t\t\t<div class=\"elementor-post__meta-data\">\n\t\t\t\t\t<span class=\"elementor-post-date\">\n\t\t\t12. \u0430\u0432\u0433\u0443\u0441\u0442 2021.\t\t<\/span>\n\t\t\t\t<\/div>\n\t\t\t\t\t<\/div>\n\t\t<\/article>\n\t\t\t\t<article class=\"elementor-post elementor-grid-item post-3689 post type-post status-publish format-standard has-post-thumbnail hentry category-lekarski-pregled-stranaca\" role=\"listitem\">\n\t\t\t<div class=\"elementor-post__card\">\n\t\t\t\t<a class=\"elementor-post__thumbnail__link\" href=\"https:\/\/www.expatclinic.sk\/sr\/kada-policija-za-strance-zahteva-lekarski-pregled-i-osiguranje\/\" tabindex=\"-1\" ><div class=\"elementor-post__thumbnail\"><img decoding=\"async\" width=\"300\" height=\"200\" src=\"https:\/\/www.expatclinic.sk\/wp-content\/uploads\/2021\/07\/Kedy-sa-vyzaduje-lekarska-prehliadka-cudzincovi-300x200.jpg\" class=\"attachment-medium size-medium wp-post-3689 wp-image-3342\" alt=\"\" srcset=\"https:\/\/www.expatclinic.sk\/wp-content\/uploads\/2021\/07\/Kedy-sa-vyzaduje-lekarska-prehliadka-cudzincovi-300x200.jpg 300w, https:\/\/www.expatclinic.sk\/wp-content\/uploads\/2021\/07\/Kedy-sa-vyzaduje-lekarska-prehliadka-cudzincovi-1024x682.jpg 1024w, https:\/\/www.expatclinic.sk\/wp-content\/uploads\/2021\/07\/Kedy-sa-vyzaduje-lekarska-prehliadka-cudzincovi-768x512.jpg 768w, https:\/\/www.expatclinic.sk\/wp-content\/uploads\/2021\/07\/Kedy-sa-vyzaduje-lekarska-prehliadka-cudzincovi.jpg 1280w\" sizes=\"(max-width: 300px) 100vw, 300px\" \/><\/div><\/a>\n\t\t\t\t<div class=\"elementor-post__avatar\">\n\t\t\t\t\t<\/div>\n\t\t\t\t<div class=\"elementor-post__text\">\n\t\t\t\t<h3 class=\"elementor-post__title\">\n\t\t\t<a href=\"https:\/\/www.expatclinic.sk\/sr\/kada-policija-za-strance-zahteva-lekarski-pregled-i-osiguranje\/\" >\n\t\t\t\tKada policija za strance zahteva lekarski pregled i osiguranje\t\t\t<\/a>\n\t\t<\/h3>\n\t\t\t\t<div class=\"elementor-post__excerpt\">\n\t\t\t<p>U nastavku se nalaze jasna\u00a0 pojasnjenja u\u00a0kojim se slucajevima, nakon dobivanja boravka \/ boravi\u0161ne dozvole prema Zakonu br. 404\/2011 Z.z. o boravku stranaca, zahteva da<\/p>\n\t\t<\/div>\n\t\t\t\t\t<div class=\"elementor-post__read-more-wrapper\">\n\t\t\n\t\t<a class=\"elementor-post__read-more\" href=\"https:\/\/www.expatclinic.sk\/sr\/kada-policija-za-strance-zahteva-lekarski-pregled-i-osiguranje\/\" aria-label=\"Read more about Kada policija za strance zahteva lekarski pregled i osiguranje\" tabindex=\"-1\" >\n\t\t\t\u041f\u0440\u043e\u0447\u0438\u0442\u0430\u0458\u0442\u0435 \u0432\u0438\u0448\u0435\t\t<\/a>\n\n\t\t\t\t\t<\/div>\n\t\t\t\t<\/div>\n\t\t\t\t<div class=\"elementor-post__meta-data\">\n\t\t\t\t\t<span class=\"elementor-post-date\">\n\t\t\t12. \u0430\u0432\u0433\u0443\u0441\u0442 2021.\t\t<\/span>\n\t\t\t\t<\/div>\n\t\t\t\t\t<\/div>\n\t\t<\/article>\n\t\t\t\t<\/div>\n\t\t\n\t\t\t\t\t\t<\/div>\n\t\t\t\t<\/div>\n\t\t\t\t\t<\/div>\n\t\t<\/div>\n\t\t\t\t\t<\/div>\n\t\t<\/section>\n\t\t\t\t<\/div>\n\t\t","protected":false},"excerpt":{"rendered":"<p>NA\u0160E PUBLIKACIJE Nedavni postovi na blogu Pratimo aktuelno zakonodavstvo u na\u0161oj oblasti, pratite na\u0161 blog i\u00a0budite u\u00a0toku.<\/p>\n","protected":false},"author":1,"featured_media":0,"parent":0,"menu_order":0,"comment_status":"closed","ping_status":"closed","template":"elementor_header_footer","meta":{"_acf_changed":false,"_cloudinary_featured_overwrite":false,"footnotes":""},"class_list":["post-3686","page","type-page","status-publish","hentry"],"acf":[],"yoast_head":"<!-- This site is optimized with the Yoast SEO plugin v27.3 - https:\/\/yoast.com\/product\/yoast-seo-wordpress\/ -->\n<title>Blog - Expat Clinic<\/title>\n<meta name=\"robots\" content=\"index, follow, max-snippet:-1, max-image-preview:large, max-video-preview:-1\" \/>\n<link rel=\"canonical\" href=\"https:\/\/www.expatclinic.sk\/blog\/\" \/>\n<meta property=\"og:locale\" content=\"sr_RS\" \/>\n<meta property=\"og:type\" content=\"article\" \/>\n<meta property=\"og:title\" content=\"Blog - Expat Clinic\" \/>\n<meta property=\"og:description\" content=\"NA\u0160E PUBLIKACIJE Nedavni postovi na blogu Pratimo aktuelno zakonodavstvo u na\u0161oj oblasti, pratite na\u0161 blog i\u00a0budite u\u00a0toku.\" \/>\n<meta property=\"og:url\" content=\"https:\/\/www.expatclinic.sk\/blog\/\" \/>\n<meta property=\"og:site_name\" content=\"Expat Clinic\" \/>\n<meta property=\"article:modified_time\" content=\"2026-04-10T09:31:12+00:00\" \/>\n<meta name=\"twitter:card\" content=\"summary_large_image\" \/>\n<meta name=\"twitter:label1\" content=\"\u041f\u0440\u043e\u0446\u0435\u045a\u0435\u043d\u043e \u0432\u0440\u0435\u043c\u0435 \u0447\u0438\u0442\u0430\u045a\u0430\" \/>\n\t<meta name=\"twitter:data1\" content=\"5 \u043c\u0438\u043d\u0443\u0442\u0430\" \/>\n<script type=\"application\/ld+json\" class=\"yoast-schema-graph\">{\"@context\":\"https:\\\/\\\/schema.org\",\"@graph\":[{\"@type\":\"WebPage\",\"@id\":\"https:\\\/\\\/www.expatclinic.sk\\\/blog\\\/\",\"url\":\"https:\\\/\\\/www.expatclinic.sk\\\/blog\\\/\",\"name\":\"Blog - Expat Clinic\",\"isPartOf\":{\"@id\":\"https:\\\/\\\/www.expatclinic.sk\\\/ru\\\/#website\"},\"datePublished\":\"2021-08-12T06:19:42+00:00\",\"dateModified\":\"2026-04-10T09:31:12+00:00\",\"breadcrumb\":{\"@id\":\"https:\\\/\\\/www.expatclinic.sk\\\/blog\\\/#breadcrumb\"},\"inLanguage\":\"sr-RS\",\"potentialAction\":[{\"@type\":\"ReadAction\",\"target\":[\"https:\\\/\\\/www.expatclinic.sk\\\/blog\\\/\"]}]},{\"@type\":\"BreadcrumbList\",\"@id\":\"https:\\\/\\\/www.expatclinic.sk\\\/blog\\\/#breadcrumb\",\"itemListElement\":[{\"@type\":\"ListItem\",\"position\":1,\"name\":\"Domovsk\u00e1 str\u00e1nka\",\"item\":\"https:\\\/\\\/www.expatclinic.sk\\\/\"},{\"@type\":\"ListItem\",\"position\":2,\"name\":\"Blog\"}]},{\"@type\":\"WebSite\",\"@id\":\"https:\\\/\\\/www.expatclinic.sk\\\/ru\\\/#website\",\"url\":\"https:\\\/\\\/www.expatclinic.sk\\\/ru\\\/\",\"name\":\"Expat Clinic\",\"description\":\"Ambulancia infek\u010dn\u00fdch a cudzokrajn\u00fdch chor\u00f4b v Nitre. Vy\u0161etr\u00edme V\u00e1s aj bez objadnania.\",\"publisher\":{\"@id\":\"https:\\\/\\\/www.expatclinic.sk\\\/ru\\\/#organization\"},\"potentialAction\":[{\"@type\":\"SearchAction\",\"target\":{\"@type\":\"EntryPoint\",\"urlTemplate\":\"https:\\\/\\\/www.expatclinic.sk\\\/ru\\\/?s={search_term_string}\"},\"query-input\":{\"@type\":\"PropertyValueSpecification\",\"valueRequired\":true,\"valueName\":\"search_term_string\"}}],\"inLanguage\":\"sr-RS\"},{\"@type\":\"Organization\",\"@id\":\"https:\\\/\\\/www.expatclinic.sk\\\/ru\\\/#organization\",\"name\":\"Expat Clinic\",\"url\":\"https:\\\/\\\/www.expatclinic.sk\\\/ru\\\/\",\"logo\":{\"@type\":\"ImageObject\",\"inLanguage\":\"sr-RS\",\"@id\":\"https:\\\/\\\/www.expatclinic.sk\\\/ru\\\/#\\\/schema\\\/logo\\\/image\\\/\",\"url\":\"https:\\\/\\\/www.expatclinic.sk\\\/wp-content\\\/uploads\\\/2021\\\/06\\\/logo-expactclinic.svg\",\"contentUrl\":\"https:\\\/\\\/www.expatclinic.sk\\\/wp-content\\\/uploads\\\/2021\\\/06\\\/logo-expactclinic.svg\",\"width\":182,\"height\":30,\"caption\":\"Expat Clinic\"},\"image\":{\"@id\":\"https:\\\/\\\/www.expatclinic.sk\\\/ru\\\/#\\\/schema\\\/logo\\\/image\\\/\"}}]}<\/script>\n<!-- \/ Yoast SEO plugin. -->","yoast_head_json":{"title":"Blog - Expat Clinic","robots":{"index":"index","follow":"follow","max-snippet":"max-snippet:-1","max-image-preview":"max-image-preview:large","max-video-preview":"max-video-preview:-1"},"canonical":"https:\/\/www.expatclinic.sk\/blog\/","og_locale":"sr_RS","og_type":"article","og_title":"Blog - Expat Clinic","og_description":"NA\u0160E PUBLIKACIJE Nedavni postovi na blogu Pratimo aktuelno zakonodavstvo u na\u0161oj oblasti, pratite na\u0161 blog i\u00a0budite u\u00a0toku.","og_url":"https:\/\/www.expatclinic.sk\/blog\/","og_site_name":"Expat Clinic","article_modified_time":"2026-04-10T09:31:12+00:00","twitter_card":"summary_large_image","twitter_misc":{"\u041f\u0440\u043e\u0446\u0435\u045a\u0435\u043d\u043e \u0432\u0440\u0435\u043c\u0435 \u0447\u0438\u0442\u0430\u045a\u0430":"5 \u043c\u0438\u043d\u0443\u0442\u0430"},"schema":{"@context":"https:\/\/schema.org","@graph":[{"@type":"WebPage","@id":"https:\/\/www.expatclinic.sk\/blog\/","url":"https:\/\/www.expatclinic.sk\/blog\/","name":"Blog - Expat Clinic","isPartOf":{"@id":"https:\/\/www.expatclinic.sk\/ru\/#website"},"datePublished":"2021-08-12T06:19:42+00:00","dateModified":"2026-04-10T09:31:12+00:00","breadcrumb":{"@id":"https:\/\/www.expatclinic.sk\/blog\/#breadcrumb"},"inLanguage":"sr-RS","potentialAction":[{"@type":"ReadAction","target":["https:\/\/www.expatclinic.sk\/blog\/"]}]},{"@type":"BreadcrumbList","@id":"https:\/\/www.expatclinic.sk\/blog\/#breadcrumb","itemListElement":[{"@type":"ListItem","position":1,"name":"Domovsk\u00e1 str\u00e1nka","item":"https:\/\/www.expatclinic.sk\/"},{"@type":"ListItem","position":2,"name":"Blog"}]},{"@type":"WebSite","@id":"https:\/\/www.expatclinic.sk\/ru\/#website","url":"https:\/\/www.expatclinic.sk\/ru\/","name":"Expat Clinic","description":"Ambulancia infek\u010dn\u00fdch a cudzokrajn\u00fdch chor\u00f4b v Nitre. Vy\u0161etr\u00edme V\u00e1s aj bez objadnania.","publisher":{"@id":"https:\/\/www.expatclinic.sk\/ru\/#organization"},"potentialAction":[{"@type":"SearchAction","target":{"@type":"EntryPoint","urlTemplate":"https:\/\/www.expatclinic.sk\/ru\/?s={search_term_string}"},"query-input":{"@type":"PropertyValueSpecification","valueRequired":true,"valueName":"search_term_string"}}],"inLanguage":"sr-RS"},{"@type":"Organization","@id":"https:\/\/www.expatclinic.sk\/ru\/#organization","name":"Expat Clinic","url":"https:\/\/www.expatclinic.sk\/ru\/","logo":{"@type":"ImageObject","inLanguage":"sr-RS","@id":"https:\/\/www.expatclinic.sk\/ru\/#\/schema\/logo\/image\/","url":"https:\/\/www.expatclinic.sk\/wp-content\/uploads\/2021\/06\/logo-expactclinic.svg","contentUrl":"https:\/\/www.expatclinic.sk\/wp-content\/uploads\/2021\/06\/logo-expactclinic.svg","width":182,"height":30,"caption":"Expat Clinic"},"image":{"@id":"https:\/\/www.expatclinic.sk\/ru\/#\/schema\/logo\/image\/"}}]}},"_links":{"self":[{"href":"https:\/\/www.expatclinic.sk\/sr\/wp-json\/wp\/v2\/pages\/3686","targetHints":{"allow":["GET"]}}],"collection":[{"href":"https:\/\/www.expatclinic.sk\/sr\/wp-json\/wp\/v2\/pages"}],"about":[{"href":"https:\/\/www.expatclinic.sk\/sr\/wp-json\/wp\/v2\/types\/page"}],"author":[{"embeddable":true,"href":"https:\/\/www.expatclinic.sk\/sr\/wp-json\/wp\/v2\/users\/1"}],"replies":[{"embeddable":true,"href":"https:\/\/www.expatclinic.sk\/sr\/wp-json\/wp\/v2\/comments?post=3686"}],"version-history":[{"count":7,"href":"https:\/\/www.expatclinic.sk\/sr\/wp-json\/wp\/v2\/pages\/3686\/revisions"}],"predecessor-version":[{"id":4910,"href":"https:\/\/www.expatclinic.sk\/sr\/wp-json\/wp\/v2\/pages\/3686\/revisions\/4910"}],"wp:attachment":[{"href":"https:\/\/www.expatclinic.sk\/sr\/wp-json\/wp\/v2\/media?parent=3686"}],"curies":[{"name":"wp","href":"https:\/\/api.w.org\/{rel}","templated":true}]}}